{"id":3464,"date":"2026-02-27T13:19:30","date_gmt":"2026-02-27T18:19:30","guid":{"rendered":"https:\/\/pliniocorrea.com\/?post_type=product&#038;p=3464"},"modified":"2026-03-16T11:36:30","modified_gmt":"2026-03-16T16:36:30","slug":"librito-historia-de-la-imagen-peregrina-de-fatima","status":"publish","type":"product","link":"https:\/\/pliniocorrea.com\/?product=librito-historia-de-la-imagen-peregrina-de-fatima","title":{"rendered":"Breve historia de F\u00e1tima y de la Imagen Peregrina"},"content":{"rendered":"<p>La Sant\u00edsima Virgen le pidi\u00f3 a la hermana Luc\u00eda vidente de F\u00e1tima que hicieran una imagen similar a como ella la hab\u00eda visto en 1917 para que fuera por todo el mundo para difundir su mensaje.<\/p>\n","protected":false},"excerpt":{"rendered":"<p>La Sant\u00edsima Virgen le pidi\u00f3 a la hermana Luc\u00eda vidente de F\u00e1tima que hicieran una imagen similar a como ella la hab\u00eda visto en 1917 para que fuera por todo el mundo para difundir su mensaje.<\/p>\n","protected":false},"featured_media":3545,"comment_status":"open","ping_status":"closed","template":"","meta":[],"product_brand":[],"product_cat":[257],"product_tag":[],"class_list":{"0":"post-3464","1":"product","2":"type-product","3":"status-publish","4":"has-post-thumbnail","6":"product_cat-productos-pco","8":"first","9":"instock","10":"shipping-taxable","11":"purchasable","12":"product-type-simple"},"_links":{"self":[{"href":"https:\/\/pliniocorrea.com\/index.php?rest_route=\/wp\/v2\/product\/3464","targetHints":{"allow":["GET"]}}],"collection":[{"href":"https:\/\/pliniocorrea.com\/index.php?rest_route=\/wp\/v2\/product"}],"about":[{"href":"https:\/\/pliniocorrea.com\/index.php?rest_route=\/wp\/v2\/types\/product"}],"replies":[{"embeddable":true,"href":"https:\/\/pliniocorrea.com\/index.php?rest_route=%2Fwp%2Fv2%2Fcomments&post=3464"}],"wp:featuredmedia":[{"embeddable":true,"href":"https:\/\/pliniocorrea.com\/index.php?rest_route=\/wp\/v2\/media\/3545"}],"wp:attachment":[{"href":"https:\/\/pliniocorrea.com\/index.php?rest_route=%2Fwp%2Fv2%2Fmedia&parent=3464"}],"wp:term":[{"taxonomy":"product_brand","embeddable":true,"href":"https:\/\/pliniocorrea.com\/index.php?rest_route=%2Fwp%2Fv2%2Fproduct_brand&post=3464"},{"taxonomy":"product_cat","embeddable":true,"href":"https:\/\/pliniocorrea.com\/index.php?rest_route=%2Fwp%2Fv2%2Fproduct_cat&post=3464"},{"taxonomy":"product_tag","embeddable":true,"href":"https:\/\/pliniocorrea.com\/index.php?rest_route=%2Fwp%2Fv2%2Fproduct_tag&post=3464"}],"curies":[{"name":"wp","href":"https:\/\/api.w.org\/{rel}","templated":true}]}}