{"id":3463,"date":"2026-02-27T13:18:24","date_gmt":"2026-02-27T18:18:24","guid":{"rendered":"https:\/\/pliniocorrea.com\/?post_type=product&#038;p=3463"},"modified":"2026-02-28T19:47:51","modified_gmt":"2026-03-01T00:47:51","slug":"estampas-de-la-milagrosa-imagen-de-nuestra-senora-de-fatima","status":"publish","type":"product","link":"https:\/\/pliniocorrea.com\/?product=estampas-de-la-milagrosa-imagen-de-nuestra-senora-de-fatima","title":{"rendered":"Estampas de la Milagrosa Imagen de Nuestra Se\u00f1ora de F\u00e1tima"},"content":{"rendered":"<p>Fotograf\u00eda tomada en las fechas del milagro comprobado en el mes de junio de 1972 en Nueva Orleans. Ciudad castigada con el Huracan Katrina 20 a\u00f1os despues.<\/p>\n","protected":false},"excerpt":{"rendered":"<p>Fotograf\u00eda tomada en las fechas del milagro comprobado en el mes de junio de 1972 en Nueva Orleans. Ciudad castigada con el Huracan Katrina 20 a\u00f1os despues.<\/p>\n","protected":false},"featured_media":3527,"comment_status":"open","ping_status":"closed","template":"","meta":[],"product_brand":[],"product_cat":[257],"product_tag":[],"class_list":{"0":"post-3463","1":"product","2":"type-product","3":"status-publish","4":"has-post-thumbnail","6":"product_cat-productos-pco","8":"first","9":"instock","10":"shipping-taxable","11":"purchasable","12":"product-type-simple"},"_links":{"self":[{"href":"https:\/\/pliniocorrea.com\/index.php?rest_route=\/wp\/v2\/product\/3463","targetHints":{"allow":["GET"]}}],"collection":[{"href":"https:\/\/pliniocorrea.com\/index.php?rest_route=\/wp\/v2\/product"}],"about":[{"href":"https:\/\/pliniocorrea.com\/index.php?rest_route=\/wp\/v2\/types\/product"}],"replies":[{"embeddable":true,"href":"https:\/\/pliniocorrea.com\/index.php?rest_route=%2Fwp%2Fv2%2Fcomments&post=3463"}],"wp:featuredmedia":[{"embeddable":true,"href":"https:\/\/pliniocorrea.com\/index.php?rest_route=\/wp\/v2\/media\/3527"}],"wp:attachment":[{"href":"https:\/\/pliniocorrea.com\/index.php?rest_route=%2Fwp%2Fv2%2Fmedia&parent=3463"}],"wp:term":[{"taxonomy":"product_brand","embeddable":true,"href":"https:\/\/pliniocorrea.com\/index.php?rest_route=%2Fwp%2Fv2%2Fproduct_brand&post=3463"},{"taxonomy":"product_cat","embeddable":true,"href":"https:\/\/pliniocorrea.com\/index.php?rest_route=%2Fwp%2Fv2%2Fproduct_cat&post=3463"},{"taxonomy":"product_tag","embeddable":true,"href":"https:\/\/pliniocorrea.com\/index.php?rest_route=%2Fwp%2Fv2%2Fproduct_tag&post=3463"}],"curies":[{"name":"wp","href":"https:\/\/api.w.org\/{rel}","templated":true}]}}